{"id":21649,"date":"2013-03-28T17:00:29","date_gmt":"2013-03-28T16:00:29","guid":{"rendered":"http:\/\/www.welonimuszka.pl\/?page_id=21649"},"modified":"2013-04-24T11:26:15","modified_gmt":"2013-04-24T09:26:15","slug":"cookies-na-stronie-welon-i-muszka","status":"publish","type":"page","link":"http:\/\/www.welonimuszka.pl\/?page_id=21649","title":{"rendered":"Cookies na stronie Welon i Muszka"},"content":{"rendered":"<h3>Cookies<\/h3>\n<div>\n<p>Niniejsza Polityka dotycz\u0105ca &#8220;cookies&#8221; odnosi si\u0119 do strony internetowej welonimuszka.pl<\/p>\n<p>Przez u\u017cywanie strony www.welonimuszka.pl wyra\u017casz zgod\u0119 na u\u017cywanie cookies zgodnie z t\u0105 Polityk\u0105.<\/p>\n<p>Je\u017celi nie zgadzasz si\u0119 na u\u017cywanie przez nas cookies, zmie\u0144 ustawienia swojej przegl\u0105darki w odpowiedni spos\u00f3b.<\/p>\n<p>Cookies to ma\u0142e pliki, zapisywane i przechowywane na twoim komputerze, lub urz\u0105dzeniu mobilnym, podczas gdy odwiedzasz r\u00f3\u017cne strony w internecie. Cookie zazwyczaj zawiera nazw\u0119 m.in.\u00a0 strony internetowej, z kt\u00f3rej pochodzi czy\u00a0 losowo wygenerowany\u00a0 numer s\u0142u\u017c\u0105cy do identyfikacji przegl\u0105darki, z jakiej nast\u0119puje po\u0142\u0105czenie ze stron\u0105 internetow\u0105.<\/p>\n<p>Cookies u\u017cywane s\u0105 m.in. po to, aby strona dzia\u0142a\u0142a szybciej i by\u0142y \u0142atwiejsze w u\u017cyciu oraz do zbierania anonimowych statystyk, kt\u00f3re pokazuj\u0105 nam, kto najch\u0119tniej ogl\u0105da nasz\u0105 stron\u0119 i jakic tre\u015bci na niej szuka.<br \/>\nCookies mog\u0105 by\u0107 sesyjne oraz sta\u0142e. Te pierwsze pozostaj\u0105 na Twoim urz\u0105dzeniu jedynie podczas korzystania z naszej strony. Ciasteczka sta\u0142e pozostaj\u0105 na Twoim urz\u0105dzeniu tak d\u0142ugo jak d\u0142ugo maj\u0105 ustawiony czas \u017cycia lub do momentu kiedy je usuniesz.<\/p>\n<p><strong>Jak usun\u0105\u0107 lub zmieni\u0107 ustawienie cookies?<\/strong><\/p>\n<p>Je\u015bli u\u017cytkownik nie chce otrzymywa\u0107 plik\u00f3w cookies, mo\u017ce zmieni\u0107 ustawienia przegl\u0105darki. Zastrzegamy, \u017ce wy\u0142\u0105czenie obs\u0142ugi plik\u00f3w cookies niezb\u0119dnych dla proces\u00f3w uwierzytelniania, bezpiecze\u0144stwa, utrzymania preferencji u\u017cytkownika mo\u017ce utrudni\u0107, a w skrajnych przypadkach mo\u017ce uniemo\u017cliwi\u0107 korzystanie ze stron www.<\/p>\n<p>W celu zarz\u0105dzania ustawieniami cookies wybierz z listy poni\u017cej przegl\u0105dark\u0119 internetow\u0105\/ system i post\u0119puj zgodnie z instrukcjami:<\/p>\n<p><a href=\"http:\/\/support.microsoft.com\/kb\/196955\" target=\"_blank\">Internet Explorer<\/a><br \/>\n<a href=\"http:\/\/support.google.com\/chrome\/bin\/answer.py?hl=pl&amp;answer=95647\" target=\"_blank\">Chrome<\/a><br \/>\n<a href=\"http:\/\/support.apple.com\/kb\/PH5042?viewlocale=en_US&amp;locale=en_US\" target=\"_blank\">Safari<\/a><br \/>\n<a href=\"http:\/\/support.mozilla.org\/pl\/kb\/W\u0142\u0105czanie%20i%20wy\u0142\u0105czanie%20obs\u0142ugi%20ciasteczek\" target=\"_blank\">Firefox<\/a><br \/>\n<a href=\"http:\/\/help.opera.com\/Windows\/12.10\/pl\/cookies.html\" target=\"_blank\">Opera<\/a><br \/>\n<a href=\"http:\/\/support.google.com\/chrome\/bin\/answer.py?hl=pl&amp;answer=95647\" target=\"_blank\">Android<\/a><br \/>\n<a href=\"http:\/\/support.apple.com\/kb\/HT1677?viewlocale=pl_PL\" target=\"_blank\">Safari (iOS)<\/a><br \/>\n<a href=\"http:\/\/www.windowsphone.com\/pl-pl\/how-to\/wp7\/web\/changing-privacy-and-other-browser-settings\" target=\"_blank\">Windows Phone<\/a><br \/>\n<a href=\"http:\/\/docs.blackberry.com\/en\/smartphone_users\/deliverables\/32004\/Turn_off_cookies_in_the_browser_60_1072866_11.jsp\" target=\"_blank\">Blackberry<\/a><\/p>\n<\/div>\n","protected":false},"excerpt":{"rendered":"<p>Cookies Niniejsza Polityka dotycz\u0105ca &#8220;cookies&#8221; odnosi si\u0119 do strony internetowej welonimuszka.pl Przez u\u017cywanie strony www.welonimuszka.pl wyra\u017casz zgod\u0119 na u\u017cywanie cookies zgodnie z t\u0105 Polityk\u0105. Je\u017celi nie zgadzasz si\u0119 na u\u017cywanie przez nas cookies, zmie\u0144 ustawienia swojej przegl\u0105darki w odpowiedni spos\u00f3b. Cookies to ma\u0142e pliki, zapisywane i przechowywane na twoim komputerze, lub urz\u0105dzeniu mobilnym, podczas gdy [&hellip;]<\/p>\n","protected":false},"author":2,"featured_media":0,"parent":0,"menu_order":0,"comment_status":"closed","ping_status":"closed","template":"","meta":{"_et_pb_use_builder":"","_et_pb_old_content":"","_et_gb_content_width":"","footnotes":""},"class_list":["post-21649","page","type-page","status-publish","hentry"],"_links":{"self":[{"href":"http:\/\/www.welonimuszka.pl\/index.php?rest_route=\/wp\/v2\/pages\/21649","targetHints":{"allow":["GET"]}}],"collection":[{"href":"http:\/\/www.welonimuszka.pl\/index.php?rest_route=\/wp\/v2\/pages"}],"about":[{"href":"http:\/\/www.welonimuszka.pl\/index.php?rest_route=\/wp\/v2\/types\/page"}],"author":[{"embeddable":true,"href":"http:\/\/www.welonimuszka.pl\/index.php?rest_route=\/wp\/v2\/users\/2"}],"replies":[{"embeddable":true,"href":"http:\/\/www.welonimuszka.pl\/index.php?rest_route=%2Fwp%2Fv2%2Fcomments&post=21649"}],"version-history":[{"count":5,"href":"http:\/\/www.welonimuszka.pl\/index.php?rest_route=\/wp\/v2\/pages\/21649\/revisions"}],"predecessor-version":[{"id":21651,"href":"http:\/\/www.welonimuszka.pl\/index.php?rest_route=\/wp\/v2\/pages\/21649\/revisions\/21651"}],"wp:attachment":[{"href":"http:\/\/www.welonimuszka.pl\/index.php?rest_route=%2Fwp%2Fv2%2Fmedia&parent=21649"}],"curies":[{"name":"wp","href":"https:\/\/api.w.org\/{rel}","templated":true}]}}